{"id":7857,"date":"2024-11-04T04:30:26","date_gmt":"2024-11-04T04:30:26","guid":{"rendered":"https:\/\/traviatourprague.com\/?page_id=7857"},"modified":"2026-02-26T08:29:19","modified_gmt":"2026-02-26T08:29:19","slug":"who-we-are","status":"publish","type":"page","link":"https:\/\/traviatourprague.com\/en\/who-we-are\/","title":{"rendered":"Who we are"},"content":{"rendered":"<div data-elementor-type=\"wp-page\" data-elementor-id=\"7857\" class=\"elementor elementor-7857\">\n\t\t\t\t<div class=\"elementor-element elementor-element-27b6231 e-con-full e-flex e-con e-parent\" data-id=\"27b6231\" data-element_type=\"container\" data-e-type=\"container\" data-settings=\"{&quot;background_background&quot;:&quot;classic&quot;}\">\n\t\t<div class=\"elementor-element elementor-element-31d7643 e-con-full e-flex e-con e-child\" data-id=\"31d7643\" data-element_type=\"container\" data-e-type=\"container\">\n\t\t\t\t<div class=\"elementor-element elementor-element-65075b9 elementor-widget elementor-widget-gva_post_breadcrumb\" data-id=\"65075b9\" data-element_type=\"widget\" data-e-type=\"widget\" data-widget_type=\"gva_post_breadcrumb.default\">\n\t\t\t\t<div class=\"elementor-widget-container\">\n\t\t\t\t\t<div class=\"gva-element-gva_post_breadcrumb gva-element\">   \r\n<div class=\"post-breadcrumb\">\r\n   <div class=\"custom-breadcrumb\" >\r\n            <div class=\"breadcrumb-main\">\r\n        <div class=\"container\">\r\n          <div class=\"breadcrumb-container-inner\">\r\n            <h1 class=\"heading-title\">Who we are<\/h1><ol class=\"breadcrumb\"><li><a href=\"https:\/\/traviatourprague.com\/en\">Home<\/a> <\/li> <li class=\"active\">Page<\/li><\/ol>          <\/div>  \r\n        <\/div>   \r\n      <\/div>  \r\n   <\/div>\r\n<\/div>      \r\n\r\n<\/div>\t\t\t\t<\/div>\n\t\t\t\t<\/div>\n\t\t\t\t<\/div>\n\t\t\t\t<\/div>\n\t\t<div class=\"elementor-element elementor-element-fdaa758 e-con-full e-flex e-con e-parent\" data-id=\"fdaa758\" data-element_type=\"container\" data-e-type=\"container\">\n\t\t<div class=\"elementor-element elementor-element-41d577c e-con-full e-flex e-con e-child\" data-id=\"41d577c\" data-element_type=\"container\" data-e-type=\"container\" data-settings=\"{&quot;background_background&quot;:&quot;classic&quot;}\">\n\t\t\t\t<div class=\"elementor-element elementor-element-d4af16d elementor-widget elementor-widget-gva-heading-block\" data-id=\"d4af16d\" data-element_type=\"widget\" data-e-type=\"widget\" data-widget_type=\"gva-heading-block.default\">\n\t\t\t\t<div class=\"elementor-widget-container\">\n\t\t\t\t\t<div class=\"gva-element-gva-heading-block gva-element\">\r\n\r\n   <div class=\"align-left style-5 widget gsc-heading box-align-left auto-responsive\">\r\n      \r\n      <div class=\"content-inner\">\r\n      \t<div class=\"content-left\">\r\n      \t\t<div class=\"sub-title\"><span class=\"tagline\">GET TO KNOW US<\/span><\/div>  \r\n\t      <\/div>\r\n\t      <div class=\"content-right\">\r\n\t         \t            <div class=\"heading-number\">Traviatour s.r.o.<\/div>\r\n\t         \r\n\t         \t         \r\n\t         \t            <h2 class=\"title\">\r\n\t               <span>Discover Prague with our company<\/span>\r\n\t            <\/h2>\r\n\t         \t         \r\n\t         \r\n\t         \t      <\/div>\r\n      <\/div>\r\n\r\n   <\/div>\r\n<\/div>\t\t\t\t<\/div>\n\t\t\t\t<\/div>\n\t\t\t\t<div class=\"elementor-element elementor-element-e1dcfb4 elementor-widget elementor-widget-text-editor\" data-id=\"e1dcfb4\" data-element_type=\"widget\" data-e-type=\"widget\" data-widget_type=\"text-editor.default\">\n\t\t\t\t<div class=\"elementor-widget-container\">\n\t\t\t\t\t\t\t\t\t<p><span style=\"color: #000000;\">Traviatour s.r.o., a legally established travel agency in Prague since 2020, was founded by a young entrepreneur with a strong background in the tourism sector. Throughout our history, we have built extensive experience in conducting guided activities in Prague and providing tours and excursions to various destinations in the Czech Republic.<\/span><\/p><h3><span style=\"color: #000000;\">Commitment to Excellence:<\/span><\/h3><p><span style=\"color: #000000;\">At the heart of our operation is a multidisciplinary team of professionals passionate about tourism. At Traviatour s.r.o., excellence is our standard, and we pride ourselves on creating lasting memories for those who entrust their travels to us.<\/span><\/p><h3><span style=\"color: #000000;\">Mission:<\/span><\/h3><p><span style=\"color: #000000;\">At Traviatour s.r.o., our mission is to provide authentic and memorable travel experiences that allow our visitors to immerse themselves in the rich cultural and historical heritage of the Czech Republic. We strive to offer high-quality services, led by passionate professionals, to make every visit an unforgettable experience for our clients.<\/span><\/p><h3><span style=\"color: #000000;\">Vision:<\/span><\/h3><p><span style=\"color: #000000;\">Our vision is to be leaders in the tourism industry, recognized for offering exceptional experiences that capture the unique essence of the Czech Republic. We aspire to be the preferred choice for those seeking to explore the country&#8217;s beauty, history, and cultural diversity. At Traviatour sro, we envision every trip as a gateway to understanding and deeply enjoying this beautiful corner of Europe.<\/span><\/p>\t\t\t\t\t\t\t\t<\/div>\n\t\t\t\t<\/div>\n\t\t\t\t<div class=\"elementor-element elementor-element-6c9bcdf elementor-widget elementor-widget-gva-image-content\" data-id=\"6c9bcdf\" data-element_type=\"widget\" data-e-type=\"widget\" data-widget_type=\"gva-image-content.default\">\n\t\t\t\t<div class=\"elementor-widget-container\">\n\t\t\t\t\t<div class=\"gva-element-gva-image-content gva-element\">\t\t\r\n\t<div class=\"about-one__single\">\r\n\t\t<div class=\"about-one__wrap\">\r\n\t\t\t \t<div class=\"about-one__image\"><div class=\"image-inner\"><img fetchpriority=\"high\" decoding=\"async\" width=\"512\" height=\"512\" src=\"https:\/\/traviatourprague.com\/wp-content\/uploads\/2025\/01\/cropped-SiteIcon.png\" class=\"attachment-full size-full wp-image-5490\" alt=\"\" srcset=\"https:\/\/traviatourprague.com\/wp-content\/uploads\/2025\/01\/cropped-SiteIcon.png 512w, https:\/\/traviatourprague.com\/wp-content\/uploads\/2025\/01\/cropped-SiteIcon-300x300.png 300w, https:\/\/traviatourprague.com\/wp-content\/uploads\/2025\/01\/cropped-SiteIcon-150x150.png 150w, https:\/\/traviatourprague.com\/wp-content\/uploads\/2025\/01\/cropped-SiteIcon-100x100.png 100w, https:\/\/traviatourprague.com\/wp-content\/uploads\/2025\/01\/cropped-SiteIcon-270x270.png 270w, https:\/\/traviatourprague.com\/wp-content\/uploads\/2025\/01\/cropped-SiteIcon-192x192.png 192w, https:\/\/traviatourprague.com\/wp-content\/uploads\/2025\/01\/cropped-SiteIcon-180x180.png 180w, https:\/\/traviatourprague.com\/wp-content\/uploads\/2025\/01\/cropped-SiteIcon-32x32.png 32w\" sizes=\"(max-width: 512px) 100vw, 512px\" \/><\/div><\/div><div class=\"about-one__content\"><h2 class=\"about-one__title\">Free consultation<\/h2><div class=\"about-one__desc\">Book now and experience a unique adventure in one of Europe&#039;s most precious treasures!<\/div><\/div>\t\r\n\t\t\t\t\t  <a href=\"https:\/\/www.instagram.com\/traviatourprague?igsh=MW1kcXRqazdjcmk3bg==\" aria-label=\"link\" class=\"about-one__link-overlay\"><\/a>\r\n\t\t  \t\t<\/div>\r\n\t<\/div>\r\n  \r\n\t \r\n\r\n \r\n\r\n\r\n \r\n  \r\n \r\n\r\n  \r\n \r\n\r\n \r\n\r\n\r\n\t<\/div>\t\t\t\t<\/div>\n\t\t\t\t<\/div>\n\t\t\t\t<\/div>\n\t\t\t\t<\/div>\n\t\t<div class=\"elementor-element elementor-element-1ac06c3 e-flex e-con-boxed e-con e-parent\" data-id=\"1ac06c3\" data-element_type=\"container\" data-e-type=\"container\">\n\t\t\t\t\t<div class=\"e-con-inner\">\n\t\t\t\t\t<\/div>\n\t\t\t\t<\/div>\n\t\t<div class=\"elementor-element elementor-element-a2028d0 e-flex e-con-boxed e-con e-parent\" data-id=\"a2028d0\" data-element_type=\"container\" data-e-type=\"container\">\n\t\t\t\t\t<div class=\"e-con-inner\">\n\t\t<div class=\"elementor-element elementor-element-b781bde e-con-full e-flex e-con e-child\" data-id=\"b781bde\" data-element_type=\"container\" data-e-type=\"container\">\n\t\t\t\t<div class=\"elementor-element elementor-element-3d0bc80 elementor-widget elementor-widget-gva-heading-block\" data-id=\"3d0bc80\" data-element_type=\"widget\" data-e-type=\"widget\" data-widget_type=\"gva-heading-block.default\">\n\t\t\t\t<div class=\"elementor-widget-container\">\n\t\t\t\t\t<div class=\"gva-element-gva-heading-block gva-element\">\r\n   <div class=\"align-center style-1 widget gsc-heading box-align-left auto-responsive\">\r\n      \r\n      <div class=\"content-inner\">\r\n                  \r\n         <div class=\"sub-title\"><span class=\"tagline\">OUR GUIDES<\/span><\/div>  \r\n         \r\n                     <h2 class=\"title\">\r\n               <span>Meet our expert guides<\/span>\r\n            <\/h2>\r\n                  \r\n         \r\n               <\/div>\r\n\r\n   <\/div>\r\n\r\n<\/div>\t\t\t\t<\/div>\n\t\t\t\t<\/div>\n\t\t\t\t<div class=\"elementor-element elementor-element-20bd5b8 elementor-widget elementor-widget-gva-team\" data-id=\"20bd5b8\" data-element_type=\"widget\" data-e-type=\"widget\" data-widget_type=\"gva-team.default\">\n\t\t\t\t<div class=\"elementor-widget-container\">\n\t\t\t\t\t<div class=\"gva-element-gva-team gva-element\">\r\n<div class=\"gsc-team layout-grid\">\r\n   <div class=\"lg-block-grid-3 md-block-grid-3 sm-block-grid-2 xs-block-grid-1 xx-block-grid-1\">\r\n               <div class=\"item-columns\">\r\n            \r\n   <div class=\"team-one__single\">\r\n   \t\t\r\n      <div class=\"team-one__content\">\r\n         <div class=\"team-one__socials\">\r\n            <div class=\"team-one__social-links\">\r\n                           <\/div> \r\n         <\/div>\r\n         <div class=\"team-one__content-inner\">\r\n            <div class=\"inner\">\r\n         \t\t         \t\t                           <\/div>\r\n      \t<\/div>\r\n      <\/div>\r\n   <\/div>\t\t\r\n         <\/div>\r\n         <\/div>   \r\n<\/div>\r\n<\/div>\t\t\t\t<\/div>\n\t\t\t\t<\/div>\n\t\t\t\t<\/div>\n\t\t\t\t\t<\/div>\n\t\t\t\t<\/div>\n\t\t\t\t<\/div>","protected":false},"excerpt":{"rendered":"<p>Who we are Home Page GET TO KNOW US Traviatour s.r.o. Discover Prague with our company Traviatour s.r.o., a legally established travel agency in Prague since 2020, was founded by a young entrepreneur with a strong background in the tourism sector. Throughout our history, we have built extensive experience in conducting guided activities in Prague [&hellip;]<\/p>\n","protected":false},"author":1,"featured_media":0,"parent":0,"menu_order":0,"comment_status":"closed","ping_status":"closed","template":"","meta":{"om_disable_all_campaigns":false,"_uag_custom_page_level_css":"","_monsterinsights_skip_tracking":false,"_monsterinsights_sitenote_active":false,"_monsterinsights_sitenote_note":"","_monsterinsights_sitenote_category":0,"two_page_speed":[],"footnotes":""},"class_list":["post-7857","page","type-page","status-publish","hentry"],"aioseo_notices":[],"uagb_featured_image_src":{"full":false,"thumbnail":false,"medium":false,"medium_large":false,"large":false,"trip-thumb-size":false,"destination-thumb-size":false,"destination-thumb-trip-size":false,"activities-thumb-size":false,"trip-single-size":false,"trp-custom-language-flag":false,"post-thumbnail":false,"travivu_medium":false,"wte-embed-list-image":false,"wte-embed-grid-image":false,"tenweb_optimizer_mobile":false,"tenweb_optimizer_tablet":false},"uagb_author_info":{"display_name":"\u00c1lvaro Andr\u00e9s Mart\u00ednez Mu\u00f1oz","author_link":"https:\/\/traviatourprague.com\/en\/author\/traviatourpraguegmail-com\/"},"uagb_comment_info":0,"uagb_excerpt":"Who we are Home Page GET TO KNOW US Traviatour s.r.o. Discover Prague with our company Traviatour s.r.o., a legally established travel agency in Prague since 2020, was founded by a young entrepreneur with a strong background in the tourism sector. Throughout our history, we have built extensive experience in conducting guided activities in Prague&hellip;","_links":{"self":[{"href":"https:\/\/traviatourprague.com\/en\/wp-json\/wp\/v2\/pages\/7857","targetHints":{"allow":["GET"]}}],"collection":[{"href":"https:\/\/traviatourprague.com\/en\/wp-json\/wp\/v2\/pages"}],"about":[{"href":"https:\/\/traviatourprague.com\/en\/wp-json\/wp\/v2\/types\/page"}],"author":[{"embeddable":true,"href":"https:\/\/traviatourprague.com\/en\/wp-json\/wp\/v2\/users\/1"}],"replies":[{"embeddable":true,"href":"https:\/\/traviatourprague.com\/en\/wp-json\/wp\/v2\/comments?post=7857"}],"version-history":[{"count":5,"href":"https:\/\/traviatourprague.com\/en\/wp-json\/wp\/v2\/pages\/7857\/revisions"}],"predecessor-version":[{"id":8175,"href":"https:\/\/traviatourprague.com\/en\/wp-json\/wp\/v2\/pages\/7857\/revisions\/8175"}],"wp:attachment":[{"href":"https:\/\/traviatourprague.com\/en\/wp-json\/wp\/v2\/media?parent=7857"}],"curies":[{"name":"wp","href":"https:\/\/api.w.org\/{rel}","templated":true}]}}