{"id":7887,"date":"2025-05-12T21:27:47","date_gmt":"2025-05-12T21:27:47","guid":{"rendered":"https:\/\/traviatourprague.com\/?page_id=7887"},"modified":"2026-02-22T11:30:58","modified_gmt":"2026-02-22T11:30:58","slug":"traviatour-prague-checkout","status":"publish","type":"page","link":"https:\/\/traviatourprague.com\/en\/traviatour-prague-checkout\/","title":{"rendered":"TraviaTour Prague &#8211; Checkout"},"content":{"rendered":"Sorry, you may not have selected the number of travellers for this trip. Please select number of travellers and confirm your booking. Thank you.","protected":false},"excerpt":{"rendered":"","protected":false},"author":1,"featured_media":0,"parent":0,"menu_order":0,"comment_status":"closed","ping_status":"closed","template":"","meta":{"om_disable_all_campaigns":false,"_uag_custom_page_level_css":"","_monsterinsights_skip_tracking":false,"_monsterinsights_sitenote_active":false,"_monsterinsights_sitenote_note":"","_monsterinsights_sitenote_category":0,"two_page_speed":[],"footnotes":""},"class_list":["post-7887","page","type-page","status-publish","hentry"],"aioseo_notices":[],"uagb_featured_image_src":{"full":false,"thumbnail":false,"medium":false,"medium_large":false,"large":false,"trip-thumb-size":false,"destination-thumb-size":false,"destination-thumb-trip-size":false,"activities-thumb-size":false,"trip-single-size":false,"trp-custom-language-flag":false,"post-thumbnail":false,"travivu_medium":false,"wte-embed-list-image":false,"wte-embed-grid-image":false,"tenweb_optimizer_mobile":false,"tenweb_optimizer_tablet":false},"uagb_author_info":{"display_name":"\u00c1lvaro Andr\u00e9s Mart\u00ednez Mu\u00f1oz","author_link":"https:\/\/traviatourprague.com\/en\/author\/traviatourpraguegmail-com\/"},"uagb_comment_info":0,"uagb_excerpt":null,"_links":{"self":[{"href":"https:\/\/traviatourprague.com\/en\/wp-json\/wp\/v2\/pages\/7887","targetHints":{"allow":["GET"]}}],"collection":[{"href":"https:\/\/traviatourprague.com\/en\/wp-json\/wp\/v2\/pages"}],"about":[{"href":"https:\/\/traviatourprague.com\/en\/wp-json\/wp\/v2\/types\/page"}],"author":[{"embeddable":true,"href":"https:\/\/traviatourprague.com\/en\/wp-json\/wp\/v2\/users\/1"}],"replies":[{"embeddable":true,"href":"https:\/\/traviatourprague.com\/en\/wp-json\/wp\/v2\/comments?post=7887"}],"version-history":[{"count":5,"href":"https:\/\/traviatourprague.com\/en\/wp-json\/wp\/v2\/pages\/7887\/revisions"}],"predecessor-version":[{"id":8086,"href":"https:\/\/traviatourprague.com\/en\/wp-json\/wp\/v2\/pages\/7887\/revisions\/8086"}],"wp:attachment":[{"href":"https:\/\/traviatourprague.com\/en\/wp-json\/wp\/v2\/media?parent=7887"}],"curies":[{"name":"wp","href":"https:\/\/api.w.org\/{rel}","templated":true}]}}