{"id":8097,"date":"2025-05-12T21:27:46","date_gmt":"2025-05-12T21:27:46","guid":{"rendered":"https:\/\/traviatourprague.com\/?page_id=8097"},"modified":"2026-02-22T16:13:31","modified_gmt":"2026-02-22T16:13:31","slug":"booking-confirmation","status":"publish","type":"page","link":"https:\/\/traviatourprague.com\/en\/booking-confirmation\/","title":{"rendered":"Booking Confirmation"},"content":{"rendered":"<div data-elementor-type=\"wp-page\" data-elementor-id=\"8097\" class=\"elementor elementor-8097\">\n\t\t\t\t<div class=\"elementor-element elementor-element-7fb4aba e-flex e-con-boxed e-con e-parent\" data-id=\"7fb4aba\" data-element_type=\"container\" data-e-type=\"container\">\n\t\t\t\t\t<div class=\"e-con-inner\">\n\t\t\t\t<div class=\"elementor-element elementor-element-0795b83 elementor-widget elementor-widget-text-editor\" data-id=\"0795b83\" data-element_type=\"widget\" data-e-type=\"widget\" data-widget_type=\"text-editor.default\">\n\t\t\t\t<div class=\"elementor-widget-container\">\n\t\t\t\t\t\t\t\t\t<p><span style=\"color: #000000;\">Thank you for booking with <strong>Traviatour Prague<\/strong>! \ud83c\udde8\ud83c\uddff\u2728<\/span><\/p><p><span style=\"color: #000000;\">Your booking has been <strong>confirmed<\/strong>, and you will receive an email with all the details of your experience soon.<\/span><\/p><p><span style=\"color: #000000;\">If you have subscribed to our newsletter, you will also receive our<strong> latest news, travel tips, exclusive tours, and fun facts about Prague<\/strong> directly in your inbox.<\/span><\/p><p><span style=\"color: #000000;\">Thank you for trusting us to help you discover the magic of Prague!<\/span><\/p><p><span style=\"color: #000000;\">\u2014 The <strong>Traviatour Prague<\/strong> Team<\/span><\/p>\t\t\t\t\t\t\t\t<\/div>\n\t\t\t\t<\/div>\n\t\t\t\t\t<\/div>\n\t\t\t\t<\/div>\n\t\t\t\t<\/div>","protected":false},"excerpt":{"rendered":"<p>Thank you for booking with Traviatour Prague! \ud83c\udde8\ud83c\uddff\u2728 Your booking has been confirmed, and you will receive an email with all the details of your experience soon. If you have subscribed to our newsletter, you will also receive our latest news, travel tips, exclusive tours, and fun facts about Prague directly in your inbox. Thank [&hellip;]<\/p>\n","protected":false},"author":1,"featured_media":0,"parent":0,"menu_order":0,"comment_status":"closed","ping_status":"closed","template":"","meta":{"om_disable_all_campaigns":false,"_uag_custom_page_level_css":"","_monsterinsights_skip_tracking":false,"_monsterinsights_sitenote_active":false,"_monsterinsights_sitenote_note":"","_monsterinsights_sitenote_category":0,"two_page_speed":[],"footnotes":""},"class_list":["post-8097","page","type-page","status-publish","hentry"],"aioseo_notices":[],"uagb_featured_image_src":{"full":false,"thumbnail":false,"medium":false,"medium_large":false,"large":false,"trip-thumb-size":false,"destination-thumb-size":false,"destination-thumb-trip-size":false,"activities-thumb-size":false,"trip-single-size":false,"trp-custom-language-flag":false,"post-thumbnail":false,"travivu_medium":false,"wte-embed-list-image":false,"wte-embed-grid-image":false,"tenweb_optimizer_mobile":false,"tenweb_optimizer_tablet":false},"uagb_author_info":{"display_name":"\u00c1lvaro Andr\u00e9s Mart\u00ednez Mu\u00f1oz","author_link":"https:\/\/traviatourprague.com\/en\/author\/traviatourpraguegmail-com\/"},"uagb_comment_info":0,"uagb_excerpt":"Thank you for booking with Traviatour Prague! \ud83c\udde8\ud83c\uddff\u2728 Your booking has been confirmed, and you will receive an email with all the details of your experience soon. If you have subscribed to our newsletter, you will also receive our latest news, travel tips, exclusive tours, and fun facts about Prague directly in your inbox. Thank&hellip;","_links":{"self":[{"href":"https:\/\/traviatourprague.com\/en\/wp-json\/wp\/v2\/pages\/8097","targetHints":{"allow":["GET"]}}],"collection":[{"href":"https:\/\/traviatourprague.com\/en\/wp-json\/wp\/v2\/pages"}],"about":[{"href":"https:\/\/traviatourprague.com\/en\/wp-json\/wp\/v2\/types\/page"}],"author":[{"embeddable":true,"href":"https:\/\/traviatourprague.com\/en\/wp-json\/wp\/v2\/users\/1"}],"replies":[{"embeddable":true,"href":"https:\/\/traviatourprague.com\/en\/wp-json\/wp\/v2\/comments?post=8097"}],"version-history":[{"count":5,"href":"https:\/\/traviatourprague.com\/en\/wp-json\/wp\/v2\/pages\/8097\/revisions"}],"predecessor-version":[{"id":8103,"href":"https:\/\/traviatourprague.com\/en\/wp-json\/wp\/v2\/pages\/8097\/revisions\/8103"}],"wp:attachment":[{"href":"https:\/\/traviatourprague.com\/en\/wp-json\/wp\/v2\/media?parent=8097"}],"curies":[{"name":"wp","href":"https:\/\/api.w.org\/{rel}","templated":true}]}}