{"id":8150,"date":"2025-02-18T08:21:12","date_gmt":"2025-02-18T08:21:12","guid":{"rendered":"https:\/\/traviatourprague.com\/?page_id=8150"},"modified":"2026-02-25T18:09:22","modified_gmt":"2026-02-25T18:09:22","slug":"dashboard-3","status":"publish","type":"page","link":"https:\/\/traviatourprague.com\/en\/dashboard-3\/","title":{"rendered":"Dashboard"},"content":{"rendered":"\t\t<div data-elementor-type=\"wp-page\" data-elementor-id=\"8150\" class=\"elementor elementor-8150\">\n\t\t\t\t<div class=\"elementor-element elementor-element-c63ef45 e-flex e-con-boxed e-con e-parent\" data-id=\"c63ef45\" data-element_type=\"container\" data-e-type=\"container\" data-settings=\"{&quot;background_background&quot;:&quot;slideshow&quot;,&quot;background_slideshow_gallery&quot;:[{&quot;id&quot;:6517,&quot;url&quot;:&quot;https:\\\/\\\/traviatourprague.com\\\/wp-content\\\/uploads\\\/2025\\\/10\\\/CrystalDinner_002.jpg&quot;},{&quot;id&quot;:6500,&quot;url&quot;:&quot;https:\\\/\\\/traviatourprague.com\\\/wp-content\\\/uploads\\\/2025\\\/10\\\/2022_06_23-86-scaled.jpg&quot;},{&quot;id&quot;:6331,&quot;url&quot;:&quot;https:\\\/\\\/traviatourprague.com\\\/wp-content\\\/uploads\\\/2025\\\/10\\\/charles-bridge-4785175_1920.jpg&quot;}],&quot;background_slideshow_ken_burns&quot;:&quot;yes&quot;,&quot;background_slideshow_loop&quot;:&quot;yes&quot;,&quot;background_slideshow_slide_duration&quot;:5000,&quot;background_slideshow_slide_transition&quot;:&quot;fade&quot;,&quot;background_slideshow_transition_duration&quot;:500,&quot;background_slideshow_ken_burns_zoom_direction&quot;:&quot;in&quot;}\">\n\t\t\t\t\t<div class=\"e-con-inner\">\n\t\t<div class=\"elementor-element elementor-element-a6c302b e-con-full e-flex e-con e-child\" data-id=\"a6c302b\" data-element_type=\"container\" data-e-type=\"container\">\n\t\t\t\t<div class=\"elementor-element elementor-element-16cdfce elementor-widget elementor-widget-gva-heading-block\" data-id=\"16cdfce\" data-element_type=\"widget\" data-e-type=\"widget\" data-widget_type=\"gva-heading-block.default\">\n\t\t\t\t<div class=\"elementor-widget-container\">\n\t\t\t\t\t<div class=\"gva-element-gva-heading-block gva-element\">\r\n   <div class=\"align-center style-2 widget gsc-heading box-align-left auto-responsive\">\r\n      \r\n      <div class=\"content-inner\">\r\n                  \r\n           \r\n         \r\n                     <h2 class=\"title\">\r\n               <span>Panel de control<\/span>\r\n            <\/h2>\r\n                  \r\n                     <div class=\"title-desc\">Explora con TraviaTour. Sum\u00e9rgete en la Esencia de Praga<\/div>\r\n         \r\n               <\/div>\r\n\r\n   <\/div>\r\n\r\n<\/div>\t\t\t\t<\/div>\n\t\t\t\t<\/div>\n\t\t\t\t<\/div>\n\t\t\t\t\t<\/div>\n\t\t\t\t<\/div>\n\t\t<div class=\"elementor-element elementor-element-4648b832 e-flex e-con-boxed e-con e-parent\" data-id=\"4648b832\" data-element_type=\"container\" data-e-type=\"container\">\n\t\t\t\t\t<div class=\"e-con-inner\">\n\t\t<div class=\"elementor-element elementor-element-15132b0 e-con-full e-flex e-con e-child\" data-id=\"15132b0\" data-element_type=\"container\" data-e-type=\"container\">\n\t\t\t\t<div class=\"elementor-element elementor-element-eff7676 elementor-widget elementor-widget-shortcode\" data-id=\"eff7676\" data-element_type=\"widget\" data-e-type=\"widget\" data-widget_type=\"shortcode.default\">\n\t\t\t\t<div class=\"elementor-widget-container\">\n\t\t\t\t\t\t\t<div class=\"elementor-shortcode\"><div class=\"wpte-lrf-wrap wpte-login\" >\n\t<div class=\"wpte-lrf-top\">\n\t\t<form method=\"post\" class=\"wpte-lrf\">\n\t\t\t\t\t\t\t\t\t\t<div class=\"wpte-lrf-right\">\n\t\t\t\t\t<div class=\"wpte-lrf-head\">\n\t\t\t\t\t\t<h2 class=\"wpte-lrf-title\">\n\t\t\t\t\t\t\t\t\t\t\t\t\t<\/h2>\n\t\t\t\t\t<\/div>\n\t\t\t\t\t<div class=\"wpte-form-field wpte-material-ui-input-control\">\n\t\t\t\t\t\t<label for=\"username\">Username or Email<span class=\"required\">*<\/span><\/label>\n\t\t\t\t\t\t<input id=\"username\" required data-parsley-required-message=\"Please enter your valid email or username\" type=\"text\" name=\"username\" value=\"\" placeholder=\"Email or username\">\n\t\t\t\t\t\t<fieldset>\n\t\t\t\t\t\t\t<legend>\n\t\t\t\t\t\t\t\t<span>Username or Email<span class=\"required\">*<\/span><\/span>\n\t\t\t\t\t\t\t<\/legend>\n\t\t\t\t\t\t<\/fieldset>\n\t\t\t\t\t<\/div>\n\t\t\t\t\t<div class=\"wpte-form-field wpte-material-ui-input-control\">\n\t\t\t\t\t\t<label>Password<span class=\"required\">*<\/span><\/label>\n\t\t\t\t\t\t<input required data-parsley-required-message=\"Please enter your password\" type=\"password\" name=\"password\" value=\"\" placeholder=\"Password\">\n\t\t\t\t\t\t<fieldset>\n\t\t\t\t\t\t\t<legend>\n\t\t\t\t\t\t\t\t<span>Password<span class=\"required\">*<\/span><\/span>\n\t\t\t\t\t\t\t<\/legend>\n\t\t\t\t\t\t<\/fieldset>\n\t\t\t\t\t<\/div>\n\t\t\t\t\t<div class=\"wpte-form-field lrf-rememberme\">\n\t\t\t\t\t\t<div>\n\t\t\t\t\t\t\t<input type=\"hidden\" id=\"wp-travel-engine-login-nonce\" name=\"wp-travel-engine-login-nonce\" value=\"76788383aa\" \/><input type=\"hidden\" name=\"_wp_http_referer\" value=\"\/en\/wp-json\/wp\/v2\/pages\/8150\" \/>\t\t\t\t\t\t\t<label for=\"rememberme\">\n\t\t\t\t\t\t\t\t<input class=\"\" name=\"rememberme\" type=\"checkbox\" id=\"rememberme\" value=\"forever\" \/>\n\t\t\t\t\t\t\t\tRemember me\t\t\t\t\t\t\t<\/label>\n\t\t\t\t\t\t<\/div>\n\t\t\t\t\t\t<a href=\"https:\/\/traviatourprague.com\/dashboard-2\/?action=lost-pass\">Forgot Password?<\/a>\n\t\t\t\t\t<\/div>\n\t\t\t\t\t<div class=\"wpte-form-field wpte-form-submit\">\n\t\t\t\t\t\t<input type=\"submit\" name=\"login\" value=\"Log In\">\n\t\t\t\t\t<\/div>\n\t\t\t\t\t\t\t\t\t\t\t<div class=\"wpte-lrf-bottom\">\n\t\t\t\t\t\t\tDon&#039;t have an account? <a id=\"wpte-show-register-form\" href=\"#signup\">Sign up<\/a>\n\t\t\t\t\t\t<\/div>\n\t\t\t\t\t\t\t\t\t<\/div>\n\t\t\t\n\t\t<\/form>\n\t<\/div>\n<\/div>\n\t<div class=\"wpte-lrf-wrap wpte-register\" style=\"display:none\">\n\t\t<div class=\"wpte-lrf-top\">\n\t\t\t<form method=\"post\" class=\"wpte-lrf\">\n\t\t\t\t\t\t\t\t\t<div class=\"wpte-lrf-right\">\n\t\t\t\t\t\t<div class=\"wpte-lrf-head\">\n\t\t\t\t\t\t\t<h2 class=\"wpte-lrf-title\">\n\t\t\t\t\t\t\t\tCreate an account\t\t\t\t\t\t\t<\/h2>\n\t\t\t\t\t\t<\/div>\n\t\t\t\t\t\t<div class=\"wpte-form-field wpte-material-ui-input-control\">\n\t\t\t\t\t\t\t<label>Username<span class=\"required\">*<\/span><\/label>\n\t\t\t\t\t\t\t<input required data-parsley-required-message=\"Please enter your desired username\" name=\"username\" type=\"text\" placeholder=\"Username\" \/>\n\t\t\t\t\t\t\t<fieldset>\n\t\t\t\t\t\t\t\t<legend>\n\t\t\t\t\t\t\t\t\t<span>Username<span class=\"required\">*<\/span><\/span>\n\t\t\t\t\t\t\t\t<\/legend>\n\t\t\t\t\t\t\t<\/fieldset>\n\t\t\t\t\t\t<\/div>\n\t\t\t\t\t\t<div class=\"wpte-form-field wpte-material-ui-input-control\">\n\t\t\t\t\t\t\t<label>Email<span class=\"required\">*<\/span><\/label>\n\t\t\t\t\t\t\t<input required data-parsley-required-message=\"Please enter a valid email address\" name=\"email\" type=\"email\" placeholder=\"Email address\" \/>\n\t\t\t\t\t\t\t<fieldset>\n\t\t\t\t\t\t\t\t<legend>\n\t\t\t\t\t\t\t\t\t<span>Email<span class=\"required\">*<\/span><\/span>\n\t\t\t\t\t\t\t\t<\/legend>\n\t\t\t\t\t\t\t<\/fieldset>\n\t\t\t\t\t\t<\/div>\n\t\t\t\t\t\t<div class=\"wpte-form-field wpte-material-ui-input-control\">\n\t\t\t\t\t\t\t<label>Password<span class=\"required\">*<\/span><\/label>\n\t\t\t\t\t\t\t<input required data-parsley-required-message=\"Please enter a valid password\" name=\"password\" type=\"password\" placeholder=\"Password\" \/>\n\t\t\t\t\t\t\t<fieldset>\n\t\t\t\t\t\t\t\t<legend>\n\t\t\t\t\t\t\t\t\t<span>Password<span class=\"required\">*<\/span><\/span>\n\t\t\t\t\t\t\t\t<\/legend>\n\t\t\t\t\t\t\t<\/fieldset>\n\t\t\t\t\t\t<\/div>\n\t\t\t\t\t\t<input type=\"hidden\" id=\"wp-travel-engine-register-nonce\" name=\"wp-travel-engine-register-nonce\" value=\"ad3185e7dd\" \/><input type=\"hidden\" name=\"_wp_http_referer\" value=\"\/en\/wp-json\/wp\/v2\/pages\/8150\" \/>\t\t\t\t\t\t<div class=\"wpte-form-field wpte-form-submit\">\n\t\t\t\t\t\t\t<input type=\"submit\" name=\"register\" value=\"Sign Up\">\n\t\t\t\t\t\t<\/div>\n\t\t\t\t\t\t<div class=\"wpte-lrf-bottom\">\n\t\t\t\t\t\t\tHave An Account? <a id=\"wpte-show-login-form\" href=\"#login\">Log In<\/a>\n\t\t\t\t\t\t<\/div>\n\t\t\t\t\t\t\t\t\t\t\t\t\t<div class=\"wpte-lrf-footer\">\n\t\t\t\t\t\t\t\tBy signing up, you agree to our <a href=\"https:\/\/traviatourprague.com\/en\/terms-and-conditions-of-service\/\" id=\"terms-and-conditions\" target=\"_blank\"> Terms and Conditions<\/a> and <a href=\"https:\/\/traviatourprague.com\/en\/privacy-policy-2\/\" id=\"privacy-policy\" target=\"_blank\">Privacy Policy<\/a>.\t\t\t\t\t\t\t<\/div>\n\t\t\t\t\t\t\t\t\t\t\t\t<\/div>\n\t\t\t\t\t\t\t<\/form>\n\t\t<\/div>\n\t<\/div>\n\t<\/div>\n\t\t\t\t\t\t<\/div>\n\t\t\t\t<\/div>\n\t\t\t\t<\/div>\n\t\t\t\t\t<\/div>\n\t\t\t\t<\/div>\n\t\t\t\t<\/div>\n\t\t","protected":false},"excerpt":{"rendered":"","protected":false},"author":1,"featured_media":0,"parent":0,"menu_order":0,"comment_status":"closed","ping_status":"closed","template":"","meta":{"om_disable_all_campaigns":false,"_uag_custom_page_level_css":"","_monsterinsights_skip_tracking":false,"_monsterinsights_sitenote_active":false,"_monsterinsights_sitenote_note":"","_monsterinsights_sitenote_category":0,"two_page_speed":[],"footnotes":""},"class_list":["post-8150","page","type-page","status-publish","hentry"],"aioseo_notices":[],"uagb_featured_image_src":{"full":false,"thumbnail":false,"medium":false,"medium_large":false,"large":false,"trip-thumb-size":false,"destination-thumb-size":false,"destination-thumb-trip-size":false,"activities-thumb-size":false,"trip-single-size":false,"trp-custom-language-flag":false,"post-thumbnail":false,"travivu_medium":false,"wte-embed-list-image":false,"wte-embed-grid-image":false,"tenweb_optimizer_mobile":false,"tenweb_optimizer_tablet":false},"uagb_author_info":{"display_name":"\u00c1lvaro Andr\u00e9s Mart\u00ednez Mu\u00f1oz","author_link":"https:\/\/traviatourprague.com\/en\/author\/traviatourpraguegmail-com\/"},"uagb_comment_info":0,"uagb_excerpt":null,"_links":{"self":[{"href":"https:\/\/traviatourprague.com\/en\/wp-json\/wp\/v2\/pages\/8150","targetHints":{"allow":["GET"]}}],"collection":[{"href":"https:\/\/traviatourprague.com\/en\/wp-json\/wp\/v2\/pages"}],"about":[{"href":"https:\/\/traviatourprague.com\/en\/wp-json\/wp\/v2\/types\/page"}],"author":[{"embeddable":true,"href":"https:\/\/traviatourprague.com\/en\/wp-json\/wp\/v2\/users\/1"}],"replies":[{"embeddable":true,"href":"https:\/\/traviatourprague.com\/en\/wp-json\/wp\/v2\/comments?post=8150"}],"version-history":[{"count":4,"href":"https:\/\/traviatourprague.com\/en\/wp-json\/wp\/v2\/pages\/8150\/revisions"}],"predecessor-version":[{"id":8160,"href":"https:\/\/traviatourprague.com\/en\/wp-json\/wp\/v2\/pages\/8150\/revisions\/8160"}],"wp:attachment":[{"href":"https:\/\/traviatourprague.com\/en\/wp-json\/wp\/v2\/media?parent=8150"}],"curies":[{"name":"wp","href":"https:\/\/api.w.org\/{rel}","templated":true}]}}